{"id":749,"date":"2018-08-30T12:19:00","date_gmt":"2018-08-30T15:19:00","guid":{"rendered":"https:\/\/ieslaboulaye-cba.infd.edu.ar\/sitio\/informacion-para-alumnos\/"},"modified":"2020-10-15T19:12:26","modified_gmt":"2020-10-15T22:12:26","slug":"informacion-para-alumnos","status":"publish","type":"page","link":"https:\/\/ieslaboulaye-cba.infd.edu.ar\/sitio\/informacion-para-alumnos\/","title":{"rendered":"DOCUMENTOS"},"content":{"rendered":"<p>R\u00e9gimen de correlatividades<\/p>\n<ul>\n<li>Profesorado de Educaci\u00f3n Secundaria en Lengua y Literatura<\/li>\n<li>Profesorado de Educaci\u00f3n Secundaria en Geograf\u00eda<\/li>\n<li>Profesorado deEducaci\u00f3n Secundaria en Historia<\/li>\n<\/ul>\n<p><span style=\"font-family: verdana,geneva; font-size: small;\"><a href=\"https:\/\/ieslaboulaye-cba.infd.edu.ar\/sitio\/wp-content\/uploads\/2020\/10\/0832-2012.pdf\">0832-2012<\/a><\/span><\/p>\n<p>&nbsp;<\/p>\n<ul>\n<li>Profesorado de Educaci\u00f3n Secundaria en Matem\u00e1tica<\/li>\n<li>Profesorado de Educaci\u00f3n Secundaria en Biolog\u00eda<\/li>\n<li>Profesorado de Educaci\u00f3n Secundaria en F\u00edsica<\/li>\n<\/ul>\n<p><a href=\"https:\/\/ieslaboulaye-cba.infd.edu.ar\/sitio\/wp-content\/uploads\/2020\/10\/69400.pdf\">69400<\/a><\/p>\n<p>Educaci\u00f3n F\u00edsica<\/p>\n<p>https:\/\/dges-cba.infd.edu.ar\/sitio\/curriculares\/upload\/RESOL_CORRELATIVIDADES.pdf<\/p>\n","protected":false},"excerpt":{"rendered":"<p>R\u00e9gimen de correlatividades Profesorado de Educaci\u00f3n Secundaria en Lengua y Literatura Profesorado de Educaci\u00f3n Secundaria en Geograf\u00eda Profesorado deEducaci\u00f3n Secundaria en Historia 0832-2012 &nbsp; Profesorado de Educaci\u00f3n Secundaria en Matem\u00e1tica Profesorado de Educaci\u00f3n Secundaria en Biolog\u00eda Profesorado de Educaci\u00f3n Secundaria en F\u00edsica 69400 Educaci\u00f3n F\u00edsica https:\/\/dges-cba.infd.edu.ar\/sitio\/curriculares\/upload\/RESOL_CORRELATIVIDADES.pdf<\/p>\n","protected":false},"author":11,"featured_media":0,"parent":0,"menu_order":0,"comment_status":"closed","ping_status":"closed","template":"","meta":[],"acf":[],"_links":{"self":[{"href":"https:\/\/ieslaboulaye-cba.infd.edu.ar\/sitio\/wp-json\/wp\/v2\/pages\/749"}],"collection":[{"href":"https:\/\/ieslaboulaye-cba.infd.edu.ar\/sitio\/wp-json\/wp\/v2\/pages"}],"about":[{"href":"https:\/\/ieslaboulaye-cba.infd.edu.ar\/sitio\/wp-json\/wp\/v2\/types\/page"}],"author":[{"embeddable":true,"href":"https:\/\/ieslaboulaye-cba.infd.edu.ar\/sitio\/wp-json\/wp\/v2\/users\/11"}],"replies":[{"embeddable":true,"href":"https:\/\/ieslaboulaye-cba.infd.edu.ar\/sitio\/wp-json\/wp\/v2\/comments?post=749"}],"version-history":[{"count":4,"href":"https:\/\/ieslaboulaye-cba.infd.edu.ar\/sitio\/wp-json\/wp\/v2\/pages\/749\/revisions"}],"predecessor-version":[{"id":1043,"href":"https:\/\/ieslaboulaye-cba.infd.edu.ar\/sitio\/wp-json\/wp\/v2\/pages\/749\/revisions\/1043"}],"wp:attachment":[{"href":"https:\/\/ieslaboulaye-cba.infd.edu.ar\/sitio\/wp-json\/wp\/v2\/media?parent=749"}],"curies":[{"name":"wp","href":"https:\/\/api.w.org\/{rel}","templated":true}]}}