{"id":933,"date":"2018-09-26T20:53:49","date_gmt":"2018-09-26T23:53:49","guid":{"rendered":"https:\/\/ieslaboulaye-cba.infd.edu.ar\/sitio\/?page_id=933"},"modified":"2019-10-18T19:23:41","modified_gmt":"2019-10-18T22:23:41","slug":"prematriculaciones","status":"publish","type":"page","link":"https:\/\/ieslaboulaye-cba.infd.edu.ar\/sitio\/prematriculaciones\/","title":{"rendered":"INSCRIPCIONES"},"content":{"rendered":"<div style=\"text-align: center;\"><strong>Fechas Importantes<\/strong><\/div>\n<div>Preinscripci\u00f3n: A partir del 21 de Octubre de 2019<\/div>\n<div>Inscripci\u00f3n definitiva: A partir del 26 de Noviembre hasta el 18 de Diciembre de 2019<\/div>\n<div><\/div>\n<div>Requisitos para el procedimiento de Pre Matriculaci\u00f3n: Contar con clave de Ciudadano Digital.<\/div>\n<div>En caso de no tenerlo, se puede gestionar siguiendo los pasos:<\/div>\n<div><\/div>\n<div><a href=\"http:\/\/ciudadanodigital.cba.gov.ar\/como-me-registro\/\" target=\"_blank\" rel=\"noopener\" data-saferedirecturl=\"https:\/\/www.google.com\/url?hl=es&amp;q=http:\/\/ciudadanodigital.cba.gov.ar\/como-me-registro\/&amp;source=gmail&amp;ust=1538091941024000&amp;usg=AFQjCNEerW3R8Ayrho6LiFTCLCLNd8twsA\">http:\/\/ciudadanodigital.cba.<wbr \/>gov.ar\/como-me-registro\/<\/a><\/div>\n<div><\/div>\n<p style=\"text-align: center;\"><strong>Pasos para Pre-Matriculaci\u00f3n Nivel Superior:<\/strong><\/p>\n<div>&#8211; Previamente, deber\u00e1 loguearse en la p\u00e1gina www.cba.gob.ar Opci\u00f3n Ciudadano Digital (https:\/\/cidi.cba.gov.ar\/Cuenta\/Login)<\/div>\n<div><\/div>\n<div>-Luego, o en otra solapa del navegador ingresar a:\u00a0\u00a0<a href=\"http:\/\/www.cba.gov.ar\/gestion-estudiantes\/\" target=\"_blank\" rel=\"noopener\" data-saferedirecturl=\"https:\/\/www.google.com\/url?hl=es&amp;q=http:\/\/www.cba.gov.ar\/gestion-estudiantes\/&amp;source=gmail&amp;ust=1538091941024000&amp;usg=AFQjCNF6g0njChMs2EeeL1IACmSvp3VW0Q\">http:\/\/www.cba.gov.ar\/gestion-<wbr \/>estudiantes\/<\/a><\/div>\n<div><\/div>\n<div>Hacer click en el \u00edcono PRE -MATRICULA NIVEL SUPERIOR<\/div>\n<div><\/div>\n<div>En caso de no haber iniciado sesi\u00f3n Ciudadano Digital previamente, la p\u00e1gina pedir\u00e1 usuario y clave<\/div>\n<div><\/div>\n<div>En la siguiente pantalla, ingresar a Mis Prematriculaciones (bot\u00f3n verde)<\/div>\n<div><\/div>\n<div><img decoding=\"async\" src=\"https:\/\/mail.google.com\/mail\/u\/1\/?ui=2&amp;ik=f39aaf98eb&amp;view=fimg&amp;th=15fa8bac06e91111&amp;attid=0.2&amp;disp=emb&amp;realattid=ii_15fa8b3693775214&amp;attbid=ANGjdJ94bvHdBSlLDqxXl5fCINoWBF8kttQggbBZsLaMM2ljRazWHIykPncj1tSYeS1L4jtqqt8EbMENYiKTx78py64ubj-yP4LJ7MIWbsOHiOjiTWTSM4opFTs-fmg&amp;sz=w908-h510&amp;ats=1538005541024&amp;rm=15fa8bac06e91111&amp;zw&amp;atsh=1\" alt=\"Im\u00c3\u00a1genes integradas 1\" \/><\/div>\n<div><\/div>\n<div>\n<div>&#8211; Hacer click en Nueva Prematriculaci\u00f3n<\/div>\n<div><\/div>\n<div><\/div>\n<div>&#8211; Buscar por instituto<\/div>\n<div><\/div>\n<div>&#8211; Ingresar el C\u00f3digo :\u00a0EE0330188<\/div>\n<\/div>\n<div><\/div>\n<div><img decoding=\"async\" src=\"https:\/\/mail.google.com\/mail\/u\/1\/?ui=2&amp;ik=f39aaf98eb&amp;view=fimg&amp;th=15fa8bac06e91111&amp;attid=0.1&amp;disp=emb&amp;realattid=ii_15fa8b67f5000485&amp;attbid=ANGjdJ-z2W2WkuSzA6Q1XXfFHRxxp06pVDiMaZki8QPQAqqDMf2sRrw0LXx8_T2nF55Y0tVSi_gGiuuCiYUpJcTil1aDAgsfm8tNiqRD-7PzWNLxkRZn52PiJTc8mR0&amp;sz=w908-h510&amp;ats=1538005541024&amp;rm=15fa8bac06e91111&amp;zw&amp;atsh=1\" alt=\"Im\u00c3\u00a1genes integradas 2\" \/><\/div>\n<div><\/div>\n<div>\n<div>&#8211; Ver Carreras<\/div>\n<div><\/div>\n<div>&#8211; Elegir la carrera y hacer click en prematriculaci\u00f3n.<\/div>\n<\/div>\n<div>Carreras habilitadas para iniciar en 2020 (dependiendo de la cantidad de estudiantes inscriptos):<\/div>\n<ul>\n<li>Profesorado de Educaci\u00f3n Secundaria en Matem\u00e1tica<\/li>\n<li>Profesorado de Educaci\u00f3n Secundaria en Biolog\u00eda<\/li>\n<li>Profesorado de Educaci\u00f3n Secundaria en Lengua y Literatura<\/li>\n<li>Profesorado de Educaci\u00f3n Secundaria en Historia<\/li>\n<li>Profesorado de Educaci\u00f3n F\u00edsica<\/li>\n<\/ul>\n<div>\n<div><\/div>\n<div>Cualquier duda comunicarse al instituto 3385 453254 o a trav\u00e9s del formulario de contacto.<\/div>\n<\/div>\n<div style=\"text-align: center;\"><\/div>\n<div style=\"text-align: center;\"><strong>Documentaci\u00f3n\u00a0<\/strong><\/div>\n<div>\n<p>(Debe ser entregado en preceptor\u00eda antes del comienzo del cursado)<\/p>\n<p>-2 fotos carnet<\/p>\n<p>&#8211; Fotocopia de DNI<\/p>\n<p>&#8211; Fotocopia de la partida de nacimiento.<\/p>\n<p>&#8211; Fotocopia de anal\u00edtico o certificado de t\u00edtulo en tr\u00e1mite.<\/p>\n<p>-Psicof\u00edsico<\/p>\n<p><a href=\"https:\/\/ieslaboulaye-cba.infd.edu.ar\/sitio\/prematriculaciones\/psicofisico-no-ef\/\">(Descargar formulario otras carreras)<\/a><\/p>\n<p><a href=\"https:\/\/ieslaboulaye-cba.infd.edu.ar\/sitio\/wp-content\/uploads\/2018\/11\/Psicof\u00edsico-EF.pdf\">(Descargar formulario Educaci\u00f3n F\u00edsica)<\/a><\/p>\n<p>&#8211; 1 folio.<\/p>\n<p>&nbsp;<\/p>\n<\/div>\n","protected":false},"excerpt":{"rendered":"<p>Fechas Importantes Preinscripci\u00f3n: A partir del 21 de Octubre de 2019 Inscripci\u00f3n definitiva: A partir del 26 de Noviembre hasta el 18 de Diciembre de 2019 Requisitos para el procedimiento de Pre Matriculaci\u00f3n: Contar con clave de Ciudadano Digital. En caso de no tenerlo, se puede gestionar siguiendo los pasos: http:\/\/ciudadanodigital.cba.gov.ar\/como-me-registro\/ Pasos para Pre-Matriculaci\u00f3n Nivel &#8230; <a title=\"INSCRIPCIONES\" class=\"read-more\" href=\"https:\/\/ieslaboulaye-cba.infd.edu.ar\/sitio\/prematriculaciones\/\" aria-label=\"More on INSCRIPCIONES\">[+]<\/a><\/p>\n","protected":false},"author":120,"featured_media":0,"parent":0,"menu_order":0,"comment_status":"closed","ping_status":"closed","template":"","meta":[],"acf":[],"_links":{"self":[{"href":"https:\/\/ieslaboulaye-cba.infd.edu.ar\/sitio\/wp-json\/wp\/v2\/pages\/933"}],"collection":[{"href":"https:\/\/ieslaboulaye-cba.infd.edu.ar\/sitio\/wp-json\/wp\/v2\/pages"}],"about":[{"href":"https:\/\/ieslaboulaye-cba.infd.edu.ar\/sitio\/wp-json\/wp\/v2\/types\/page"}],"author":[{"embeddable":true,"href":"https:\/\/ieslaboulaye-cba.infd.edu.ar\/sitio\/wp-json\/wp\/v2\/users\/120"}],"replies":[{"embeddable":true,"href":"https:\/\/ieslaboulaye-cba.infd.edu.ar\/sitio\/wp-json\/wp\/v2\/comments?post=933"}],"version-history":[{"count":12,"href":"https:\/\/ieslaboulaye-cba.infd.edu.ar\/sitio\/wp-json\/wp\/v2\/pages\/933\/revisions"}],"predecessor-version":[{"id":976,"href":"https:\/\/ieslaboulaye-cba.infd.edu.ar\/sitio\/wp-json\/wp\/v2\/pages\/933\/revisions\/976"}],"wp:attachment":[{"href":"https:\/\/ieslaboulaye-cba.infd.edu.ar\/sitio\/wp-json\/wp\/v2\/media?parent=933"}],"curies":[{"name":"wp","href":"https:\/\/api.w.org\/{rel}","templated":true}]}}